{"id":35,"date":"2019-08-09T16:31:32","date_gmt":"2019-08-09T14:31:32","guid":{"rendered":"http:\/\/euregio-blumen.de\/?page_id=35"},"modified":"2026-02-09T11:51:57","modified_gmt":"2026-02-09T10:51:57","slug":"home","status":"publish","type":"page","link":"https:\/\/euregio-blumen.de\/","title":{"rendered":"Startseite"},"content":{"rendered":"\n<p class=\"has-black-color has-text-color has-link-color has-medium-font-size wp-elements-9ea9de3557edab6b4469dff93e6affdc\"><\/p>\n\n\n\n<p class=\"has-vivid-cyan-blue-color has-text-color has-link-color has-large-font-size wp-elements-d64f449b0a5ab6292ddb557e29fb85af\"><strong>ES GEHT WIEDER LOS!<\/strong><\/p>\n\n\n\n<p class=\"has-black-color has-text-color has-link-color has-medium-font-size wp-elements-7f75e3f8dee8d34951bf93e082cfe9ab\"><strong>Werte Kunden,<\/strong><\/p>\n\n\n\n<p class=\"has-black-color has-text-color has-link-color has-medium-font-size wp-elements-719440bab3b470e2190e1c2e15d465b6\">die Winterpause ist vorbei \u2013<\/p>\n\n\n\n<p class=\"has-black-color has-text-color has-link-color has-medium-font-size wp-elements-f63b5430abafa66a242d7b61494bc6f9\">ab Freitag, den 13.02.2026, ist der<\/p>\n\n\n\n<p class=\"has-black-color has-text-color has-link-color has-medium-font-size wp-elements-0c8e5d9a6b218b4ce666632885766162\">Blumenstand wieder regelm\u00e4\u00dfig ge\u00f6ffnet<\/p>\n\n\n\n<p class=\"has-black-color has-text-color has-link-color has-medium-font-size wp-elements-85ae5488f920db1615767ed7c85b4076\">zu den bekannten \u00d6ffnungszeiten<\/p>\n\n\n\n<p class=\"has-vivid-green-cyan-color has-text-color has-link-color has-medium-font-size wp-elements-61665f7f37294070e0236811908c2f51\"><strong>Freitag: 10:30 \u2013 18:30 Uhr<\/strong><\/p>\n\n\n\n<p class=\"has-vivid-green-cyan-color has-text-color has-link-color has-medium-font-size wp-elements-ea51bf07ce23255379105168d91999a2\"><strong>Samstag: 09:00 \u2013 16:00 Uhr<\/strong><\/p>\n\n\n\n<p class=\"has-vivid-green-cyan-color has-text-color has-link-color has-medium-font-size wp-elements-a78ac483cb135d544b96c6a70b5769ab\"><strong>Sonntag: 09:00 \u2013 16:00 Uhr<\/strong><\/p>\n\n\n\n<p class=\"has-vivid-green-cyan-color has-text-color has-link-color has-medium-font-size wp-elements-006ef0452ca13a90ef7466557e36a185\"><strong>gesetzliche Feiertage: 09:00 \u2013 16:00 Uhr<\/strong><\/p>\n\n\n\n<p><strong>Parkpl\u00e4tze sind in ausreichender Anzahl vorhanden!<\/strong><\/p>\n\n\n\n<p>Ich biete auch Kartenzahlung an mittels:<\/p>\n\n\n\n<p>EC-Karten (Maestro)<\/p>\n\n\n\n<p>Debit-Karten<\/p>\n\n\n\n<p>Kreditkarten (VISA, mastercard, AMERICAN EXPRESS)<\/p>\n\n\n\n<p>Apple Pay<\/p>\n\n\n\n<p>Google Pay \/ Android Pay<\/p>\n\n\n\n<p>Union Pay<\/p>\n\n\n\n<p>NFC (kontaktlos)<\/p>\n\n\n\n<p>Discover<\/p>\n\n\n\n<p class=\"has-vivid-green-cyan-color has-text-color has-link-color has-medium-font-size wp-elements-4e3b023fe92f55868119895392c561ea\"><\/p>\n\n\n\n<p>Aachen, im Februar 2026<\/p>\n\n\n<div class=\"su-spacer\" style=\"height:30px\"><\/div>\n\n\n\n<figure class=\"wp-block-image\"><img loading=\"lazy\" decoding=\"async\" width=\"1024\" height=\"683\" src=\"https:\/\/euregio-blumen.de\/wp-content\/uploads\/2019\/08\/IMG_8152-1024x683.jpg\" alt=\"\" class=\"wp-image-124\" srcset=\"https:\/\/euregio-blumen.de\/wp-content\/uploads\/2019\/08\/IMG_8152-1024x683.jpg 1024w, https:\/\/euregio-blumen.de\/wp-content\/uploads\/2019\/08\/IMG_8152-300x200.jpg 300w, https:\/\/euregio-blumen.de\/wp-content\/uploads\/2019\/08\/IMG_8152-768x512.jpg 768w\" sizes=\"auto, (max-width: 1024px) 100vw, 1024px\" \/><\/figure>\n\n\n\n<p><\/p>\n","protected":false},"excerpt":{"rendered":"<p>ES GEHT WIEDER LOS! Werte Kunden, die Winterpause ist vorbei \u2013 ab Freitag, den 13.02.2026, ist der Blumenstand wieder regelm\u00e4\u00dfig ge\u00f6ffnet zu den bekannten \u00d6ffnungszeiten Freitag: 10:30 \u2013 18:30 Uhr Samstag: 09:00 \u2013 16:00 Uhr Sonntag: 09:00 \u2013 16:00 Uhr<\/p>\n","protected":false},"author":1,"featured_media":0,"parent":0,"menu_order":1,"comment_status":"closed","ping_status":"closed","template":"","meta":{"footnotes":""},"class_list":["post-35","page","type-page","status-publish","hentry"],"_links":{"self":[{"href":"https:\/\/euregio-blumen.de\/index.php?rest_route=\/wp\/v2\/pages\/35","targetHints":{"allow":["GET"]}}],"collection":[{"href":"https:\/\/euregio-blumen.de\/index.php?rest_route=\/wp\/v2\/pages"}],"about":[{"href":"https:\/\/euregio-blumen.de\/index.php?rest_route=\/wp\/v2\/types\/page"}],"author":[{"embeddable":true,"href":"https:\/\/euregio-blumen.de\/index.php?rest_route=\/wp\/v2\/users\/1"}],"replies":[{"embeddable":true,"href":"https:\/\/euregio-blumen.de\/index.php?rest_route=%2Fwp%2Fv2%2Fcomments&post=35"}],"version-history":[{"count":85,"href":"https:\/\/euregio-blumen.de\/index.php?rest_route=\/wp\/v2\/pages\/35\/revisions"}],"predecessor-version":[{"id":489,"href":"https:\/\/euregio-blumen.de\/index.php?rest_route=\/wp\/v2\/pages\/35\/revisions\/489"}],"wp:attachment":[{"href":"https:\/\/euregio-blumen.de\/index.php?rest_route=%2Fwp%2Fv2%2Fmedia&parent=35"}],"curies":[{"name":"wp","href":"https:\/\/api.w.org\/{rel}","templated":true}]}}